{"id":5946,"date":"2024-04-04T14:08:00","date_gmt":"2024-04-04T19:08:00","guid":{"rendered":"https:\/\/quasimodo.ca\/?page_id=5946"},"modified":"2024-04-04T14:09:26","modified_gmt":"2024-04-04T19:09:26","slug":"charte-de-confidentialites","status":"publish","type":"page","link":"https:\/\/quasimodo.ca\/en\/charte-de-confidentialites\/","title":{"rendered":"Charte de confidentialit\u00e9s"},"content":{"rendered":"<div data-elementor-type=\"wp-page\" data-elementor-id=\"5946\" class=\"elementor elementor-5946\" data-elementor-post-type=\"page\">\n\t\t\t\t\t\t<section class=\"elementor-section elementor-top-section elementor-element elementor-element-e7e1d90 elementor-section-boxed elementor-section-height-default elementor-section-height-default\" data-id=\"e7e1d90\" data-element_type=\"section\">\n\t\t\t\t\t\t<div class=\"elementor-container elementor-column-gap-default\">\n\t\t\t\t\t<div class=\"elementor-column elementor-col-100 elementor-top-column elementor-element elementor-element-d15fd5e\" data-id=\"d15fd5e\" data-element_type=\"column\">\n\t\t\t<div class=\"elementor-widget-wrap elementor-element-populated\">\n\t\t\t\t\t\t<div class=\"elementor-element elementor-element-feea432 elementor-widget elementor-widget-text-editor\" data-id=\"feea432\" data-element_type=\"widget\" data-widget_type=\"text-editor.default\">\n\t\t\t\t<div class=\"elementor-widget-container\">\n\t\t\t\t\t\t\t\t\t<h1><strong>Charte de Confidentialit\u00e9 de Quasimodo Lt\u00e9e<\/strong><\/h1><p>Date d&#8217;entr\u00e9e en vigueur : Avril 2024<\/p><p><strong>1. Introduction<\/strong><br \/>Chez Quasimodo Lt\u00e9e, nous nous engageons \u00e0 prot\u00e9ger et \u00e0 respecter la confidentialit\u00e9 de vos donn\u00e9es personnelles. Cette charte explique comment vos informations sont collect\u00e9es, utilis\u00e9es, et prot\u00e9g\u00e9es, ainsi que vos droits en tant qu&#8217;utilisateur.<\/p><p><strong>2. Identification de l&#8217;Entreprise<\/strong><br \/>Quasimodo Lt\u00e9e<br \/>514 729 5301<br \/>info@quasimodo.ca<\/p><p><strong>3. Types de Donn\u00e9es Collect\u00e9es<\/strong><br \/>Pour mieux r\u00e9pondre \u00e0 vos besoins, nous collectons les informations suivantes :<\/p><p>Nom complet<br \/>Num\u00e9ro de t\u00e9l\u00e9phone<br \/>Adresse courriel<br \/>Ces donn\u00e9es sont collect\u00e9es uniquement lorsque vous nous les fournissez directement.<\/p><p><strong>3.1 Utilisation des Cookies et de Google Analytics<\/strong><\/p><p>Cookies : Notre site utilise des cookies pour am\u00e9liorer votre exp\u00e9rience utilisateur. Ces petits fichiers textes sont utilis\u00e9s pour m\u00e9moriser vos pr\u00e9f\u00e9rences et param\u00e8tres. Vous pouvez les g\u00e9rer via les param\u00e8tres de votre navigateur.<\/p><p>Google Analytics : Nous utilisons Google Analytics pour analyser l&#8217;utilisation de notre site. Ces donn\u00e9es, recueillies de mani\u00e8re anonyme, nous aident \u00e0 comprendre les comportements des utilisateurs sur notre site. Aucune information personnelle identifiable n&#8217;est collect\u00e9e \u00e0 ces fins. Vous pouvez d\u00e9sactiver Google Analytics via les param\u00e8tres de votre navigateur.<\/p><p><strong>4. But de la Collecte<\/strong><br \/>Les informations que nous collectons sont essentielles pour :<\/p><p>Vous recontacter suite \u00e0 une demande<br \/>Assurer un suivi personnalis\u00e9 dans votre processus de recherche de solutions logicielles, telles que des logiciels ERP ou d&#8217;autres syst\u00e8mes int\u00e9gr\u00e9s<br \/>Am\u00e9liorer nos services et votre exp\u00e9rience utilisateur<\/p><p><br \/><strong>5. Consentement<\/strong><br \/>En remplissant nos formulaires de contact, vous consentez express\u00e9ment \u00e0 l&#8217;utilisation de vos donn\u00e9es pour les fins mentionn\u00e9es ci-dessus. Votre consentement est volontaire et peut \u00eatre retir\u00e9 \u00e0 tout moment.<\/p><p><strong>6. Dur\u00e9e de Conservation<\/strong><br \/>Vos donn\u00e9es seront conserv\u00e9es pendant une p\u00e9riode de 10 ans. Cette dur\u00e9e est justifi\u00e9e par la longueur des processus de s\u00e9lection et d&#8217;implantation des solutions logicielles. Apr\u00e8s ce d\u00e9lai, vos donn\u00e9es seront automatiquement effac\u00e9es ou anonymis\u00e9es.<\/p><p><strong>7. Partage des Donn\u00e9es<\/strong> avec des Tiers<br \/>Quasimodo Lt\u00e9e s&#8217;engage \u00e0 ne pas vendre, louer, ni \u00e9changer vos donn\u00e9es personnelles avec des tiers sans votre consentement explicite. Tout partage d&#8217;informations sera exclusivement dans le cadre professionnel et sur demande sp\u00e9cifique de votre part.<\/p><p><strong>8. S\u00e9curit\u00e9 des Donn\u00e9es<\/strong><br \/>Nous utilisons des mesures de s\u00e9curit\u00e9 avanc\u00e9es pour prot\u00e9ger vos donn\u00e9es contre toute perte, utilisation abusive, acc\u00e8s non autoris\u00e9, divulgation, alt\u00e9ration ou destruction. Ceci inclut le stockage de vos donn\u00e9es sur des serveurs s\u00e9curis\u00e9s et des syst\u00e8mes internes prot\u00e9g\u00e9s.<\/p><p><strong>9. Vos Droits<\/strong><br \/>En tant qu&#8217;utilisateur, vous avez le droit de :<\/p><p>Acc\u00e9der \u00e0 vos donn\u00e9es personnelles<br \/>Demander leur correction ou suppression<br \/>Retirer votre consentement \u00e0 tout moment<br \/>Pour exercer ces droits, veuillez nous contacter \u00e0 l&#8217;adresse suivante : info@quasimodo.ca.<br \/><strong>10. Modifications de la Charte<\/strong><br \/>Cette charte peut \u00eatre mise \u00e0 jour pour refl\u00e9ter les changements dans nos pratiques ou pour d&#8217;autres raisons op\u00e9rationnelles, l\u00e9gales ou r\u00e9glementaires. Nous vous recommandons de consulter cette page r\u00e9guli\u00e8rement pour vous tenir inform\u00e9 de toute modification.<\/p><p><strong>11. Contact<\/strong><br \/>Pour toute question ou pr\u00e9occupation concernant cette charte de confidentialit\u00e9, n&#8217;h\u00e9sitez pas \u00e0 nous contacter \u00e0 info@quasimodo.ca.<\/p>\t\t\t\t\t\t\t\t<\/div>\n\t\t\t\t<\/div>\n\t\t\t\t\t<\/div>\n\t\t<\/div>\n\t\t\t\t\t<\/div>\n\t\t<\/section>\n\t\t\t\t<\/div>","protected":false},"excerpt":{"rendered":"<p>Charte de Confidentialit\u00e9 de Quasimodo Lt\u00e9e Date d&#8217;entr\u00e9e en vigueur : Avril 2024 1. IntroductionChez Quasimodo Lt\u00e9e, nous nous engageons \u00e0 prot\u00e9ger et \u00e0 respecter la confidentialit\u00e9 de vos donn\u00e9es personnelles. Cette charte explique comment vos informations sont collect\u00e9es, utilis\u00e9es, et prot\u00e9g\u00e9es, ainsi que vos droits en tant qu&#8217;utilisateur. 2. Identification de l&#8217;EntrepriseQuasimodo Lt\u00e9e514 729 &hellip;<\/p>\n<p class=\"read-more\"> <a class=\"\" href=\"https:\/\/quasimodo.ca\/en\/charte-de-confidentialites\/\"> <span class=\"screen-reader-text\">Charte de confidentialit\u00e9s<\/span> Read More &raquo;<\/a><\/p>","protected":false},"author":2,"featured_media":0,"parent":0,"menu_order":0,"comment_status":"closed","ping_status":"closed","template":"","meta":{"om_disable_all_campaigns":false,"_monsterinsights_skip_tracking":false,"_monsterinsights_sitenote_active":false,"_monsterinsights_sitenote_note":"","_monsterinsights_sitenote_category":0,"footnotes":""},"class_list":["post-5946","page","type-page","status-publish","hentry"],"aioseo_notices":[],"_links":{"self":[{"href":"https:\/\/quasimodo.ca\/en\/wp-json\/wp\/v2\/pages\/5946","targetHints":{"allow":["GET"]}}],"collection":[{"href":"https:\/\/quasimodo.ca\/en\/wp-json\/wp\/v2\/pages"}],"about":[{"href":"https:\/\/quasimodo.ca\/en\/wp-json\/wp\/v2\/types\/page"}],"author":[{"embeddable":true,"href":"https:\/\/quasimodo.ca\/en\/wp-json\/wp\/v2\/users\/2"}],"replies":[{"embeddable":true,"href":"https:\/\/quasimodo.ca\/en\/wp-json\/wp\/v2\/comments?post=5946"}],"version-history":[{"count":21,"href":"https:\/\/quasimodo.ca\/en\/wp-json\/wp\/v2\/pages\/5946\/revisions"}],"predecessor-version":[{"id":5968,"href":"https:\/\/quasimodo.ca\/en\/wp-json\/wp\/v2\/pages\/5946\/revisions\/5968"}],"wp:attachment":[{"href":"https:\/\/quasimodo.ca\/en\/wp-json\/wp\/v2\/media?parent=5946"}],"curies":[{"name":"wp","href":"https:\/\/api.w.org\/{rel}","templated":true}]}}