{"id":5338,"date":"2022-08-22T13:31:26","date_gmt":"2022-08-22T13:31:26","guid":{"rendered":"https:\/\/quasimodo.ca\/?page_id=5338"},"modified":"2024-04-04T14:15:14","modified_gmt":"2024-04-04T19:15:14","slug":"mentionslegales","status":"publish","type":"page","link":"https:\/\/quasimodo.ca\/en\/mentionslegales\/","title":{"rendered":"Mentions l\u00e9gales"},"content":{"rendered":"<div data-elementor-type=\"wp-page\" data-elementor-id=\"5338\" class=\"elementor elementor-5338\" data-elementor-post-type=\"page\">\n\t\t\t\t\t\t<section class=\"elementor-section elementor-top-section elementor-element elementor-element-e7e1d90 elementor-section-boxed elementor-section-height-default elementor-section-height-default\" data-id=\"e7e1d90\" data-element_type=\"section\">\n\t\t\t\t\t\t<div class=\"elementor-container elementor-column-gap-default\">\n\t\t\t\t\t<div class=\"elementor-column elementor-col-100 elementor-top-column elementor-element elementor-element-d15fd5e\" data-id=\"d15fd5e\" data-element_type=\"column\">\n\t\t\t<div class=\"elementor-widget-wrap elementor-element-populated\">\n\t\t\t\t\t\t<div class=\"elementor-element elementor-element-feea432 elementor-widget elementor-widget-text-editor\" data-id=\"feea432\" data-element_type=\"widget\" data-widget_type=\"text-editor.default\">\n\t\t\t\t<div class=\"elementor-widget-container\">\n\t\t\t\t\t\t\t\t\t<p><strong>Mentions L\u00e9gales du Site Quasimodo.ca<\/strong><\/p>\n<p><strong>1. D\u00e9veloppement du Site<\/strong> Ce site a \u00e9t\u00e9 d\u00e9velopp\u00e9 par Quasimodo Lt\u00e9e en 2022.<\/p>\n<p><strong>2. \u00c9diteur<\/strong> Quasimodo Lt\u00e9e&nbsp;<\/p>\n<p><span style=\"font-style: inherit; font-weight: inherit; color: var( --e-global-color-text ); font-family: var( --e-global-typography-secondary-font-family ), Sans-serif;\">T\u00e9l\u00e9phone : 514 729 5301<\/span><\/p>\n<p><span style=\"font-style: inherit; font-weight: inherit; color: var( --e-global-color-text ); font-family: var( --e-global-typography-secondary-font-family ), Sans-serif;\">Courriel : info@quasimodo.ca<\/span><\/p>\n<p><strong>3. Propri\u00e9t\u00e9 Intellectuelle et Droits d&#8217;Auteur<\/strong> Tous les droits sont r\u00e9serv\u00e9s par Quasimodo Lt\u00e9e. Les contenus, y compris les textes, images, graphiques et logos, sont prot\u00e9g\u00e9s par des droits d&#8217;auteur. La r\u00e9utilisation, reproduction, modification ou distribution de ces \u00e9l\u00e9ments est interdite sauf accord pr\u00e9alable de Quasimodo Lt\u00e9e ou utilisation dans le cadre d&#8217;un usage personnel et non-commercial.<\/p>\n<p><strong>4. Ressources Graphiques<\/strong> Une partie des images (ressources vectorielles, photographies, iconographies) utilis\u00e9es sur ce site proviennent de plateformes de ressources libres de droit comme <a href=\"http:\/\/www.pexels.com\/\" target=\"_new\">www.pexels.com<\/a> et <a href=\"http:\/\/www.freepik.com\/\" target=\"_new\">www.freepik.com<\/a>.<\/p>\n<p><strong>5. H\u00e9bergement<\/strong> Le site est h\u00e9berg\u00e9 par la compagnie Quasimodo elle-m\u00eame.<\/p>\n<p><strong>6. Responsabilit\u00e9<\/strong> Quasimodo Lt\u00e9e s&#8217;engage \u00e0 assurer l&#8217;exactitude et la mise \u00e0 jour des informations du site, mais ne peut garantir l&#8217;exhaustivit\u00e9 ou l&#8217;absence de modification par un tiers. L&#8217;entreprise n&#8217;est pas responsable des erreurs ou omissions dans les informations fournies, ni des dommages r\u00e9sultant de l&#8217;utilisation de ces informations.<\/p>\n<p><strong>7. Politique de Confidentialit\u00e9<\/strong> Pour plus d&#8217;informations sur la gestion des donn\u00e9es personnelles, veuillez consulter notre charte des confidentialit\u00e9s.<\/p>\n<p><strong>8. Loi Applicable<\/strong> Ces mentions l\u00e9gales sont r\u00e9gies par le droit qu\u00e9b\u00e9cois. En cas de litige, les tribunaux du Qu\u00e9bec seront comp\u00e9tents.<\/p>\n<p><strong>9. Contact<\/strong> Pour toute question concernant le site, veuillez nous contacter \u00e0 info@quasimodo.ca<\/p>\t\t\t\t\t\t\t\t<\/div>\n\t\t\t\t<\/div>\n\t\t\t\t\t<\/div>\n\t\t<\/div>\n\t\t\t\t\t<\/div>\n\t\t<\/section>\n\t\t\t\t<\/div>","protected":false},"excerpt":{"rendered":"<p>Mentions L\u00e9gales du Site Quasimodo.ca 1. D\u00e9veloppement du Site Ce site a \u00e9t\u00e9 d\u00e9velopp\u00e9 par Quasimodo Lt\u00e9e en 2022. 2. \u00c9diteur Quasimodo Lt\u00e9e&nbsp; T\u00e9l\u00e9phone : 514 729 5301 Courriel : info@quasimodo.ca 3. Propri\u00e9t\u00e9 Intellectuelle et Droits d&#8217;Auteur Tous les droits sont r\u00e9serv\u00e9s par Quasimodo Lt\u00e9e. Les contenus, y compris les textes, images, graphiques et logos, &hellip;<\/p>\n<p class=\"read-more\"> <a class=\"\" href=\"https:\/\/quasimodo.ca\/en\/mentionslegales\/\"> <span class=\"screen-reader-text\">Mentions l\u00e9gales<\/span> Read More &raquo;<\/a><\/p>","protected":false},"author":2,"featured_media":0,"parent":0,"menu_order":0,"comment_status":"closed","ping_status":"closed","template":"","meta":{"om_disable_all_campaigns":false,"_monsterinsights_skip_tracking":false,"_monsterinsights_sitenote_active":false,"_monsterinsights_sitenote_note":"","_monsterinsights_sitenote_category":0,"footnotes":""},"class_list":["post-5338","page","type-page","status-publish","hentry"],"aioseo_notices":[],"_links":{"self":[{"href":"https:\/\/quasimodo.ca\/en\/wp-json\/wp\/v2\/pages\/5338","targetHints":{"allow":["GET"]}}],"collection":[{"href":"https:\/\/quasimodo.ca\/en\/wp-json\/wp\/v2\/pages"}],"about":[{"href":"https:\/\/quasimodo.ca\/en\/wp-json\/wp\/v2\/types\/page"}],"author":[{"embeddable":true,"href":"https:\/\/quasimodo.ca\/en\/wp-json\/wp\/v2\/users\/2"}],"replies":[{"embeddable":true,"href":"https:\/\/quasimodo.ca\/en\/wp-json\/wp\/v2\/comments?post=5338"}],"version-history":[{"count":11,"href":"https:\/\/quasimodo.ca\/en\/wp-json\/wp\/v2\/pages\/5338\/revisions"}],"predecessor-version":[{"id":5971,"href":"https:\/\/quasimodo.ca\/en\/wp-json\/wp\/v2\/pages\/5338\/revisions\/5971"}],"wp:attachment":[{"href":"https:\/\/quasimodo.ca\/en\/wp-json\/wp\/v2\/media?parent=5338"}],"curies":[{"name":"wp","href":"https:\/\/api.w.org\/{rel}","templated":true}]}}