{"id":1216,"date":"2021-11-25T00:40:49","date_gmt":"2021-11-25T00:40:49","guid":{"rendered":"https:\/\/quasimodo.ca\/?page_id=1216"},"modified":"2023-01-18T13:59:03","modified_gmt":"2023-01-18T18:59:03","slug":"carrieres","status":"publish","type":"page","link":"https:\/\/quasimodo.ca\/en\/carrieres\/","title":{"rendered":"CARRI\u00c8RES"},"content":{"rendered":"<div data-elementor-type=\"wp-page\" data-elementor-id=\"1216\" class=\"elementor elementor-1216\" data-elementor-post-type=\"page\">\n\t\t\t\t\t\t<section class=\"elementor-section elementor-top-section elementor-element elementor-element-3450537 elementor-section-boxed elementor-section-height-default elementor-section-height-default\" data-id=\"3450537\" data-element_type=\"section\">\n\t\t\t\t\t\t<div class=\"elementor-container elementor-column-gap-default\">\n\t\t\t\t\t<div class=\"elementor-column elementor-col-100 elementor-top-column elementor-element elementor-element-7651a2f\" data-id=\"7651a2f\" data-element_type=\"column\">\n\t\t\t<div class=\"elementor-widget-wrap elementor-element-populated\">\n\t\t\t\t\t\t<div class=\"elementor-element elementor-element-f667311 elementor-widget elementor-widget-global elementor-global-4664 elementor-widget-spacer\" data-id=\"f667311\" data-element_type=\"widget\" data-widget_type=\"spacer.default\">\n\t\t\t\t<div class=\"elementor-widget-container\">\n\t\t\t\t\t\t\t<div class=\"elementor-spacer\">\n\t\t\t<div class=\"elementor-spacer-inner\"><\/div>\n\t\t<\/div>\n\t\t\t\t\t\t<\/div>\n\t\t\t\t<\/div>\n\t\t\t\t<div class=\"elementor-element elementor-element-76a585e elementor-widget elementor-widget-heading\" data-id=\"76a585e\" data-element_type=\"widget\" data-widget_type=\"heading.default\">\n\t\t\t\t<div class=\"elementor-widget-container\">\n\t\t\t\t\t<h2 class=\"elementor-heading-title elementor-size-default\">Careers<\/h2>\t\t\t\t<\/div>\n\t\t\t\t<\/div>\n\t\t\t\t<div class=\"elementor-element elementor-element-264e1d7 elementor-widget elementor-widget-global elementor-global-4664 elementor-widget-spacer\" data-id=\"264e1d7\" data-element_type=\"widget\" data-widget_type=\"spacer.default\">\n\t\t\t\t<div class=\"elementor-widget-container\">\n\t\t\t\t\t\t\t<div class=\"elementor-spacer\">\n\t\t\t<div class=\"elementor-spacer-inner\"><\/div>\n\t\t<\/div>\n\t\t\t\t\t\t<\/div>\n\t\t\t\t<\/div>\n\t\t\t\t<div class=\"elementor-element elementor-element-7c01fbe elementor-widget elementor-widget-image\" data-id=\"7c01fbe\" data-element_type=\"widget\" data-widget_type=\"image.default\">\n\t\t\t\t<div class=\"elementor-widget-container\">\n\t\t\t\t\t\t\t\t\t\t\t\t\t\t\t<img fetchpriority=\"high\" decoding=\"async\" width=\"1024\" height=\"585\" src=\"https:\/\/quasimodo.ca\/wp-content\/uploads\/2022\/12\/5236-1024x585.jpg\" class=\"attachment-large size-large wp-image-5822\" alt=\"\" srcset=\"https:\/\/quasimodo.ca\/wp-content\/uploads\/2022\/12\/5236-1024x585.jpg 1024w, https:\/\/quasimodo.ca\/wp-content\/uploads\/2022\/12\/5236-300x171.jpg 300w, https:\/\/quasimodo.ca\/wp-content\/uploads\/2022\/12\/5236-768x439.jpg 768w, https:\/\/quasimodo.ca\/wp-content\/uploads\/2022\/12\/5236-1536x878.jpg 1536w, https:\/\/quasimodo.ca\/wp-content\/uploads\/2022\/12\/5236-2048x1170.jpg 2048w, https:\/\/quasimodo.ca\/wp-content\/uploads\/2022\/12\/5236-18x10.jpg 18w, https:\/\/quasimodo.ca\/wp-content\/uploads\/2022\/12\/5236-1320x754.jpg 1320w\" sizes=\"(max-width: 1024px) 100vw, 1024px\" \/>\t\t\t\t\t\t\t\t\t\t\t\t\t\t\t<\/div>\n\t\t\t\t<\/div>\n\t\t\t\t<div class=\"elementor-element elementor-element-acba86b elementor-widget elementor-widget-global elementor-global-4664 elementor-widget-spacer\" data-id=\"acba86b\" data-element_type=\"widget\" data-widget_type=\"spacer.default\">\n\t\t\t\t<div class=\"elementor-widget-container\">\n\t\t\t\t\t\t\t<div class=\"elementor-spacer\">\n\t\t\t<div class=\"elementor-spacer-inner\"><\/div>\n\t\t<\/div>\n\t\t\t\t\t\t<\/div>\n\t\t\t\t<\/div>\n\t\t\t\t<div class=\"elementor-element elementor-element-d2e5dee elementor-widget elementor-widget-text-editor\" data-id=\"d2e5dee\" data-element_type=\"widget\" data-widget_type=\"text-editor.default\">\n\t\t\t\t<div class=\"elementor-widget-container\">\n\t\t\t\t\t\t\t\t\t<p>Vous avez travaill\u00e9 ou \u00e9tudi\u00e9 dans l&#8217;industrie des logiciels de gestion type ERP, CRM, avez des comp\u00e9tences d&#8217;affaires en finance, gestion de projet informatique ou \u00eates d\u00e9veloppeur dans un des environnements Progress, CSS\/HTML, Blazor et .NET.<\/p>\n<p>Vous souhaitez \u00e9voluer dans un environnement incluant des projets clients et du d\u00e9veloppement R&amp;D o\u00f9 les id\u00e9es cr\u00e9atives et l&#8217;autonomie sont valoris\u00e9s.<\/p>\n<p>You want to work 100% remotely and for a company that values a good balance between professional and personal life.<\/p>\n<p>We will be glad to meet you so come and chat with us!<\/p>\t\t\t\t\t\t\t\t<\/div>\n\t\t\t\t<\/div>\n\t\t\t\t<div class=\"elementor-element elementor-element-4352753 elementor-widget elementor-widget-image\" data-id=\"4352753\" data-element_type=\"widget\" data-widget_type=\"image.default\">\n\t\t\t\t<div class=\"elementor-widget-container\">\n\t\t\t\t\t\t\t\t\t\t\t\t\t\t\t<img decoding=\"async\" width=\"500\" height=\"500\" src=\"https:\/\/quasimodo.ca\/wp-content\/uploads\/2022\/08\/logo-progress.png\" class=\"attachment-large size-large wp-image-5277\" alt=\"\" srcset=\"https:\/\/quasimodo.ca\/wp-content\/uploads\/2022\/08\/logo-progress.png 500w, https:\/\/quasimodo.ca\/wp-content\/uploads\/2022\/08\/logo-progress-300x300.png 300w, https:\/\/quasimodo.ca\/wp-content\/uploads\/2022\/08\/logo-progress-150x150.png 150w, https:\/\/quasimodo.ca\/wp-content\/uploads\/2022\/08\/logo-progress-12x12.png 12w\" sizes=\"(max-width: 500px) 100vw, 500px\" \/>\t\t\t\t\t\t\t\t\t\t\t\t\t\t\t<\/div>\n\t\t\t\t<\/div>\n\t\t\t\t<div class=\"elementor-element elementor-element-2094e81 elementor-widget elementor-widget-global elementor-global-4664 elementor-widget-spacer\" data-id=\"2094e81\" data-element_type=\"widget\" data-widget_type=\"spacer.default\">\n\t\t\t\t<div class=\"elementor-widget-container\">\n\t\t\t\t\t\t\t<div class=\"elementor-spacer\">\n\t\t\t<div class=\"elementor-spacer-inner\"><\/div>\n\t\t<\/div>\n\t\t\t\t\t\t<\/div>\n\t\t\t\t<\/div>\n\t\t\t\t<div class=\"elementor-element elementor-element-aea66aa elementor-align-center elementor-widget elementor-widget-button\" data-id=\"aea66aa\" data-element_type=\"widget\" data-widget_type=\"button.default\">\n\t\t\t\t<div class=\"elementor-widget-container\">\n\t\t\t\t\t\t\t\t\t<div class=\"elementor-button-wrapper\">\n\t\t\t\t\t<a class=\"elementor-button elementor-button-link elementor-size-sm\" href=\"https:\/\/quasimodo.ca\/en\/contact-us\/\">\n\t\t\t\t\t\t<span class=\"elementor-button-content-wrapper\">\n\t\t\t\t\t\t\t\t\t<span class=\"elementor-button-text\">Contact us<\/span>\n\t\t\t\t\t<\/span>\n\t\t\t\t\t<\/a>\n\t\t\t\t<\/div>\n\t\t\t\t\t\t\t\t<\/div>\n\t\t\t\t<\/div>\n\t\t\t\t<div class=\"elementor-element elementor-element-f46fb63 elementor-widget elementor-widget-global elementor-global-4664 elementor-widget-spacer\" data-id=\"f46fb63\" data-element_type=\"widget\" data-widget_type=\"spacer.default\">\n\t\t\t\t<div class=\"elementor-widget-container\">\n\t\t\t\t\t\t\t<div class=\"elementor-spacer\">\n\t\t\t<div class=\"elementor-spacer-inner\"><\/div>\n\t\t<\/div>\n\t\t\t\t\t\t<\/div>\n\t\t\t\t<\/div>\n\t\t\t\t<div class=\"elementor-element elementor-element-9b713ca elementor-widget-divider--view-line elementor-widget elementor-widget-divider\" data-id=\"9b713ca\" data-element_type=\"widget\" data-widget_type=\"divider.default\">\n\t\t\t\t<div class=\"elementor-widget-container\">\n\t\t\t\t\t\t\t<div class=\"elementor-divider\">\n\t\t\t<span class=\"elementor-divider-separator\">\n\t\t\t\t\t\t<\/span>\n\t\t<\/div>\n\t\t\t\t\t\t<\/div>\n\t\t\t\t<\/div>\n\t\t\t\t<div class=\"elementor-element elementor-element-ab6cd1e elementor-widget elementor-widget-global elementor-global-4664 elementor-widget-spacer\" data-id=\"ab6cd1e\" data-element_type=\"widget\" data-widget_type=\"spacer.default\">\n\t\t\t\t<div class=\"elementor-widget-container\">\n\t\t\t\t\t\t\t<div class=\"elementor-spacer\">\n\t\t\t<div class=\"elementor-spacer-inner\"><\/div>\n\t\t<\/div>\n\t\t\t\t\t\t<\/div>\n\t\t\t\t<\/div>\n\t\t\t\t<div class=\"elementor-element elementor-element-7ab2e46 elementor-widget elementor-widget-heading\" data-id=\"7ab2e46\" data-element_type=\"widget\" data-widget_type=\"heading.default\">\n\t\t\t\t<div class=\"elementor-widget-container\">\n\t\t\t\t\t<h2 class=\"elementor-heading-title elementor-size-default\">Current jobs<\/h2>\t\t\t\t<\/div>\n\t\t\t\t<\/div>\n\t\t\t\t<div class=\"elementor-element elementor-element-0074f00 elementor-widget elementor-widget-global elementor-global-4664 elementor-widget-spacer\" data-id=\"0074f00\" data-element_type=\"widget\" data-widget_type=\"spacer.default\">\n\t\t\t\t<div class=\"elementor-widget-container\">\n\t\t\t\t\t\t\t<div class=\"elementor-spacer\">\n\t\t\t<div class=\"elementor-spacer-inner\"><\/div>\n\t\t<\/div>\n\t\t\t\t\t\t<\/div>\n\t\t\t\t<\/div>\n\t\t\t\t\t<\/div>\n\t\t<\/div>\n\t\t\t\t\t<\/div>\n\t\t<\/section>\n\t\t\t\t<\/div>","protected":false},"excerpt":{"rendered":"<p>Carri\u00e8res Vous avez travaill\u00e9 ou \u00e9tudi\u00e9 dans l&#8217;industrie des logiciels de gestion type ERP, CRM, avez des comp\u00e9tences d&#8217;affaires en finance, gestion de projet informatique ou \u00eates d\u00e9veloppeur dans un des environnements Progress, CSS\/HTML, Blazor et .NET. Vous souhaitez \u00e9voluer dans un environnement incluant des projets clients et du d\u00e9veloppement R&amp;D o\u00f9 les id\u00e9es cr\u00e9atives &hellip;<\/p>\n<p class=\"read-more\"> <a class=\"\" href=\"https:\/\/quasimodo.ca\/en\/carrieres\/\"> <span class=\"screen-reader-text\">CARRI\u00c8RES<\/span> Read More &raquo;<\/a><\/p>","protected":false},"author":2,"featured_media":0,"parent":0,"menu_order":0,"comment_status":"closed","ping_status":"closed","template":"","meta":{"om_disable_all_campaigns":false,"_monsterinsights_skip_tracking":false,"_monsterinsights_sitenote_active":false,"_monsterinsights_sitenote_note":"","_monsterinsights_sitenote_category":0,"footnotes":""},"class_list":["post-1216","page","type-page","status-publish","hentry"],"aioseo_notices":[],"_links":{"self":[{"href":"https:\/\/quasimodo.ca\/en\/wp-json\/wp\/v2\/pages\/1216","targetHints":{"allow":["GET"]}}],"collection":[{"href":"https:\/\/quasimodo.ca\/en\/wp-json\/wp\/v2\/pages"}],"about":[{"href":"https:\/\/quasimodo.ca\/en\/wp-json\/wp\/v2\/types\/page"}],"author":[{"embeddable":true,"href":"https:\/\/quasimodo.ca\/en\/wp-json\/wp\/v2\/users\/2"}],"replies":[{"embeddable":true,"href":"https:\/\/quasimodo.ca\/en\/wp-json\/wp\/v2\/comments?post=1216"}],"version-history":[{"count":118,"href":"https:\/\/quasimodo.ca\/en\/wp-json\/wp\/v2\/pages\/1216\/revisions"}],"predecessor-version":[{"id":5893,"href":"https:\/\/quasimodo.ca\/en\/wp-json\/wp\/v2\/pages\/1216\/revisions\/5893"}],"wp:attachment":[{"href":"https:\/\/quasimodo.ca\/en\/wp-json\/wp\/v2\/media?parent=1216"}],"curies":[{"name":"wp","href":"https:\/\/api.w.org\/{rel}","templated":true}]}}