{"id":1214,"date":"2021-11-25T00:23:53","date_gmt":"2021-11-25T00:23:53","guid":{"rendered":"https:\/\/quasimodo.ca\/?page_id=1214"},"modified":"2022-08-19T16:37:13","modified_gmt":"2022-08-19T16:37:13","slug":"blog","status":"publish","type":"page","link":"https:\/\/quasimodo.ca\/en\/blog\/","title":{"rendered":"News"},"content":{"rendered":"<div data-elementor-type=\"wp-page\" data-elementor-id=\"1214\" class=\"elementor elementor-1214\" data-elementor-post-type=\"page\">\n\t\t\t\t\t\t<section class=\"elementor-section elementor-top-section elementor-element elementor-element-8bef53e elementor-section-boxed elementor-section-height-default elementor-section-height-default\" data-id=\"8bef53e\" data-element_type=\"section\">\n\t\t\t\t\t\t<div class=\"elementor-container elementor-column-gap-default\">\n\t\t\t\t\t<div class=\"elementor-column elementor-col-100 elementor-top-column elementor-element elementor-element-58aa8d1\" data-id=\"58aa8d1\" data-element_type=\"column\">\n\t\t\t<div class=\"elementor-widget-wrap elementor-element-populated\">\n\t\t\t\t\t\t<div class=\"elementor-element elementor-element-6f8b41b elementor-widget elementor-widget-spacer\" data-id=\"6f8b41b\" data-element_type=\"widget\" data-widget_type=\"spacer.default\">\n\t\t\t\t<div class=\"elementor-widget-container\">\n\t\t\t\t\t\t\t<div class=\"elementor-spacer\">\n\t\t\t<div class=\"elementor-spacer-inner\"><\/div>\n\t\t<\/div>\n\t\t\t\t\t\t<\/div>\n\t\t\t\t<\/div>\n\t\t\t\t<div class=\"elementor-element elementor-element-ba347ab elementor-widget elementor-widget-heading\" data-id=\"ba347ab\" data-element_type=\"widget\" data-widget_type=\"heading.default\">\n\t\t\t\t<div class=\"elementor-widget-container\">\n\t\t\t\t\t<h2 class=\"elementor-heading-title elementor-size-default\">News<\/h2>\t\t\t\t<\/div>\n\t\t\t\t<\/div>\n\t\t\t\t<div class=\"elementor-element elementor-element-df68fbc elementor-widget elementor-widget-spacer\" data-id=\"df68fbc\" data-element_type=\"widget\" data-widget_type=\"spacer.default\">\n\t\t\t\t<div class=\"elementor-widget-container\">\n\t\t\t\t\t\t\t<div class=\"elementor-spacer\">\n\t\t\t<div class=\"elementor-spacer-inner\"><\/div>\n\t\t<\/div>\n\t\t\t\t\t\t<\/div>\n\t\t\t\t<\/div>\n\t\t\t\t\t<\/div>\n\t\t<\/div>\n\t\t\t\t\t<\/div>\n\t\t<\/section>\n\t\t\t\t<section class=\"elementor-section elementor-top-section elementor-element elementor-element-1a8d483 elementor-section-boxed elementor-section-height-default elementor-section-height-default\" data-id=\"1a8d483\" data-element_type=\"section\">\n\t\t\t\t\t\t<div class=\"elementor-container elementor-column-gap-default\">\n\t\t\t\t\t<div class=\"elementor-column elementor-col-100 elementor-top-column elementor-element elementor-element-83e45ee\" data-id=\"83e45ee\" data-element_type=\"column\">\n\t\t\t<div class=\"elementor-widget-wrap\">\n\t\t\t\t\t\t\t<\/div>\n\t\t<\/div>\n\t\t\t\t\t<\/div>\n\t\t<\/section>\n\t\t\t\t<\/div>","protected":false},"excerpt":{"rendered":"<p>Actualit\u00e9s [JANVIER 2021] \u00c9volutions du CRM Quasimodo Comme vous le savez peut-\u00eatre d\u00e9j\u00e0, Adobe et plusieurs \u00e9diteurs&#8230; Lire la suite &gt;&gt; February 24, 2021 [JUIN 2020] Quasimodo WMS maintenant disponible sur Android Cette communication donne suite \u00e0 l\u2019abandon des versions Windows CE&#8230; Lire la suite &gt;&gt; February 24, 2021 [Juin 2020] \u00cates-vous bien prot\u00e9g\u00e9s? COMMENT &hellip;<\/p>\n<p class=\"read-more\"> <a class=\"\" href=\"https:\/\/quasimodo.ca\/en\/blog\/\"> <span class=\"screen-reader-text\">News<\/span> Read More &raquo;<\/a><\/p>","protected":false},"author":2,"featured_media":0,"parent":0,"menu_order":0,"comment_status":"closed","ping_status":"closed","template":"","meta":{"om_disable_all_campaigns":false,"_monsterinsights_skip_tracking":false,"_monsterinsights_sitenote_active":false,"_monsterinsights_sitenote_note":"","_monsterinsights_sitenote_category":0,"footnotes":""},"class_list":["post-1214","page","type-page","status-publish","hentry"],"aioseo_notices":[],"_links":{"self":[{"href":"https:\/\/quasimodo.ca\/en\/wp-json\/wp\/v2\/pages\/1214","targetHints":{"allow":["GET"]}}],"collection":[{"href":"https:\/\/quasimodo.ca\/en\/wp-json\/wp\/v2\/pages"}],"about":[{"href":"https:\/\/quasimodo.ca\/en\/wp-json\/wp\/v2\/types\/page"}],"author":[{"embeddable":true,"href":"https:\/\/quasimodo.ca\/en\/wp-json\/wp\/v2\/users\/2"}],"replies":[{"embeddable":true,"href":"https:\/\/quasimodo.ca\/en\/wp-json\/wp\/v2\/comments?post=1214"}],"version-history":[{"count":21,"href":"https:\/\/quasimodo.ca\/en\/wp-json\/wp\/v2\/pages\/1214\/revisions"}],"predecessor-version":[{"id":5329,"href":"https:\/\/quasimodo.ca\/en\/wp-json\/wp\/v2\/pages\/1214\/revisions\/5329"}],"wp:attachment":[{"href":"https:\/\/quasimodo.ca\/en\/wp-json\/wp\/v2\/media?parent=1214"}],"curies":[{"name":"wp","href":"https:\/\/api.w.org\/{rel}","templated":true}]}}